{"id":216,"date":"2018-12-14T15:18:07","date_gmt":"2018-12-14T14:18:07","guid":{"rendered":"http:\/\/emeline-art.com\/?page_id=216"},"modified":"2018-12-14T17:13:51","modified_gmt":"2018-12-14T16:13:51","slug":"presentation","status":"publish","type":"page","link":"https:\/\/emeline-art.com\/index.php\/accueil\/presentation\/","title":{"rendered":"Pr\u00e9sentation"},"content":{"rendered":"\t\t<div class=\"elementor elementor-216\">\n\t\t\t<div class=\"elementor-inner\">\n\t\t\t\t<div class=\"elementor-section-wrap\">\n\t\t\t\t\t\t\t<section data-id=\"773a26b\" class=\"elementor-element elementor-element-773a26b elementor-section-boxed elementor-section-height-default elementor-section-height-default elementor-section elementor-top-section\" data-element_type=\"section\">\n\t\t\t\t\t\t<div class=\"elementor-container elementor-column-gap-default\">\n\t\t\t\t<div class=\"elementor-row\">\n\t\t\t\t<div data-id=\"98bfae4\" class=\"elementor-element elementor-element-98bfae4 elementor-column elementor-col-100 elementor-top-column\" data-element_type=\"column\">\n\t\t\t<div class=\"elementor-column-wrap elementor-element-populated\">\n\t\t\t\t\t<div class=\"elementor-widget-wrap\">\n\t\t\t\t<div data-id=\"a71da62\" class=\"elementor-element elementor-element-a71da62 elementor-widget elementor-widget-spacer\" data-element_type=\"spacer.default\">\n\t\t\t\t<div class=\"elementor-widget-container\">\n\t\t\t\t\t<div class=\"elementor-spacer\">\n\t\t\t<div class=\"elementor-spacer-inner\"><\/div>\n\t\t<\/div>\n\t\t\t\t<\/div>\n\t\t\t\t<\/div>\n\t\t\t\t<div data-id=\"0958738\" class=\"elementor-element elementor-element-0958738 elementor-widget elementor-widget-text-editor\" data-element_type=\"text-editor.default\">\n\t\t\t\t<div class=\"elementor-widget-container\">\n\t\t\t\t\t<div class=\"elementor-text-editor elementor-clearfix\"><p>\u00a0 \u00a0La peinture et le dessin sont venus \u00e0 moi tr\u00e8s jeune, gr\u00e2ce \u00e0 mes grands p\u00e8res, peintres amateurs, notamment mon grand-p\u00e8re maternel qui a su me faire d\u00e9couvrir diff\u00e9rentes techniques, il me faisait des petits sch\u00e9mas aux crayons de couleurs pour m\u2019apprendre le placement de la lumi\u00e8re dans le dessin, et la p\u00e9riode de No\u00ebl \u00e9tait pour moi le moment de m\u2019amuser \u00e0 peindre sur les vitres de leur appartement. J\u2019ai pu nourrir cette passion rapidement dans mon enfance en prenant des cours de peintures, avec des professeurs qui m\u2019ont fait confiance, et m\u2019ont laiss\u00e9 essayer la peinture \u00e0 l\u2019huile, cela a \u00e9t\u00e9 une grande d\u00e9couverte, c\u2019est \u00e0 partir de ce moment l\u00e0 que j\u2019ai su que la peinture ferait partie int\u00e9grante de ma vie.<\/p><p>Je choisi naturellement des \u00e9tudes d\u2019Arts Appliqu\u00e9s et Graphisme que je suis \u00e0 Aix en Provence.<\/p><p>A 24 ans apr\u00e8s pas mal d\u2019exp\u00e9riences professionnelles et une mise au point sur ma vie, j&rsquo;ai d\u00e9cid\u00e9 de cr\u00e9er une collection de toiles, et de me d\u00e9voiler en partageant ma passion.<\/p><p>La suite logique \u00e9tait d\u2019aller \u00e0 la rencontre des gens et artistes lors d\u2019expositions, c\u2019est dans ces moments que ma passion prend tout son sens, lorsque le public d\u00e9couvre, d\u00e9crit mes toiles. C\u2019est une partie int\u00e9ressante de mon travail et une grande source d\u2019inspiration.<\/p><p>Tr\u00e8s r\u00eaveuse et toujours \u00e0 la recherche d\u2019un monde id\u00e9al, j\u2019aime travailler mes paysages abstraits avec des couleurs et des mati\u00e8res qui me touchent et refl\u00e8tent l\u2019\u00e9tat dans lequel je me trouve au moment o\u00f9 je peins la toile, la musique m\u2019y aide beaucoup.<\/p><p>C\u2019est pour moi un moyen d\u2019expression plastique qui m\u2019aide \u00e0 exprimer ce que je ressens, les diff\u00e9rentes \u00e9motions enfouies en moi, que ce soit de la tristesse, de la col\u00e8re, de la joie, ou de l\u2019amour\u2026<\/p><p>Le parcours d\u2019artiste n\u2019est pas des plus simple, mais je veux continuer \u00e0 faire vivre cette passion et mon engouement pour cette Art.<\/p><p>\u2053 Cultiver le r\u00eave et la cr\u00e9ativit\u00e9<\/p><p>Emeline<\/p><\/div>\n\t\t\t\t<\/div>\n\t\t\t\t<\/div>\n\t\t\t\t\t\t<\/div>\n\t\t\t<\/div>\n\t\t<\/div>\n\t\t\t\t\t\t<\/div>\n\t\t\t<\/div>\n\t\t<\/section>\n\t\t\t\t<section data-id=\"15b7b6d\" class=\"elementor-element elementor-element-15b7b6d elementor-section-boxed elementor-section-height-default elementor-section-height-default elementor-section elementor-top-section\" data-element_type=\"section\">\n\t\t\t\t\t\t<div class=\"elementor-container elementor-column-gap-default\">\n\t\t\t\t<div class=\"elementor-row\">\n\t\t\t\t<div data-id=\"f37ef45\" class=\"elementor-element elementor-element-f37ef45 elementor-column elementor-col-100 elementor-top-column\" data-element_type=\"column\">\n\t\t\t<div class=\"elementor-column-wrap elementor-element-populated\">\n\t\t\t\t\t<div class=\"elementor-widget-wrap\">\n\t\t\t\t<div data-id=\"5c17d0e\" class=\"elementor-element elementor-element-5c17d0e elementor-widget elementor-widget-image\" data-element_type=\"image.default\">\n\t\t\t\t<div class=\"elementor-widget-container\">\n\t\t\t\t\t<div class=\"elementor-image\">\n\t\t\t\t\t\t\t\t\t\t<img decoding=\"async\" src=\"https:\/\/emeline-art.com\/wp-content\/uploads\/2018\/12\/21222671_1448457618603194_805210660_o1.jpg\" title=\"21222671_1448457618603194_805210660_o#1\" alt=\"Pr\u00e9sentation Emeline C\" \/>\t\t\t\t\t\t\t\t\t\t\t<\/div>\n\t\t\t\t<\/div>\n\t\t\t\t<\/div>\n\t\t\t\t\t\t<\/div>\n\t\t\t<\/div>\n\t\t<\/div>\n\t\t\t\t\t\t<\/div>\n\t\t\t<\/div>\n\t\t<\/section>\n\t\t\t\t\t\t<\/div>\n\t\t\t<\/div>\n\t\t<\/div>\n\t\t","protected":false},"excerpt":{"rendered":"<p>\u00a0 \u00a0La peinture et le dessin sont venus \u00e0 moi tr\u00e8s jeune, gr\u00e2ce \u00e0 mes grands p\u00e8res, peintres amateurs, notamment mon grand-p\u00e8re maternel qui a su me faire d\u00e9couvrir diff\u00e9rentes techniques, il me faisait des petits sch\u00e9mas aux crayons de [&hellip;]<\/p>\n","protected":false},"author":1,"featured_media":0,"parent":17,"menu_order":0,"comment_status":"closed","ping_status":"closed","template":"","meta":[],"_links":{"self":[{"href":"https:\/\/emeline-art.com\/index.php\/wp-json\/wp\/v2\/pages\/216"}],"collection":[{"href":"https:\/\/emeline-art.com\/index.php\/wp-json\/wp\/v2\/pages"}],"about":[{"href":"https:\/\/emeline-art.com\/index.php\/wp-json\/wp\/v2\/types\/page"}],"author":[{"embeddable":true,"href":"https:\/\/emeline-art.com\/index.php\/wp-json\/wp\/v2\/users\/1"}],"replies":[{"embeddable":true,"href":"https:\/\/emeline-art.com\/index.php\/wp-json\/wp\/v2\/comments?post=216"}],"version-history":[{"count":9,"href":"https:\/\/emeline-art.com\/index.php\/wp-json\/wp\/v2\/pages\/216\/revisions"}],"predecessor-version":[{"id":250,"href":"https:\/\/emeline-art.com\/index.php\/wp-json\/wp\/v2\/pages\/216\/revisions\/250"}],"up":[{"embeddable":true,"href":"https:\/\/emeline-art.com\/index.php\/wp-json\/wp\/v2\/pages\/17"}],"wp:attachment":[{"href":"https:\/\/emeline-art.com\/index.php\/wp-json\/wp\/v2\/media?parent=216"}],"curies":[{"name":"wp","href":"https:\/\/api.w.org\/{rel}","templated":true}]}}